{"id":5824,"date":"2025-07-22T11:50:22","date_gmt":"2025-07-22T09:50:22","guid":{"rendered":"https:\/\/www.labyrinthedemerville.com\/?page_id=5824"},"modified":"2025-12-18T14:50:00","modified_gmt":"2025-12-18T13:50:00","slug":"comment-venir","status":"publish","type":"page","link":"https:\/\/www.labyrinthedemerville.com\/?page_id=5824","title":{"rendered":"Comment venir ?"},"content":{"rendered":"\t\t<div data-elementor-type=\"wp-page\" data-elementor-id=\"5824\" class=\"elementor elementor-5824\">\n\t\t\t\t\t\t<div class=\"elementor-inner\">\n\t\t\t\t<div class=\"elementor-section-wrap\">\n\t\t\t\t\t\t\t\t\t<section class=\"elementor-section elementor-top-section elementor-element elementor-element-3774e67 elementor-section-boxed elementor-section-height-default elementor-section-height-default\" data-id=\"3774e67\" data-element_type=\"section\">\n\t\t\t\t\t\t<div class=\"elementor-container elementor-column-gap-default\">\n\t\t\t\t\t\t\t<div class=\"elementor-row\">\n\t\t\t\t\t<div class=\"elementor-column elementor-col-100 elementor-top-column elementor-element elementor-element-38a7a50\" data-id=\"38a7a50\" data-element_type=\"column\">\n\t\t\t<div class=\"elementor-column-wrap elementor-element-populated\">\n\t\t\t\t\t\t\t<div class=\"elementor-widget-wrap\">\n\t\t\t\t\t\t<div class=\"elementor-element elementor-element-7b12d2a elementor-widget elementor-widget-text-editor\" data-id=\"7b12d2a\" data-element_type=\"widget\" data-widget_type=\"text-editor.default\">\n\t\t\t\t<div class=\"elementor-widget-container\">\n\t\t\t\t\t\t\t\t<div class=\"elementor-text-editor elementor-clearfix\">\n\t\t\t\t<p>Situ\u00e9e \u00e0 20 minutes au Nord Ouest de Toulouse, Merville est une petite ville des Hauts Tolosans.<br \/>Un grand parking gratuit est \u00e0 votre disposition sur place.<\/p><p>Afin de nous trouver, il vous suffit d&#8217;entrer l&#8217;adresse suivante sur votre GPS : <strong>1175, Chemin de Grande Borde, 31330 Merville<\/strong>, ou tout simplement, d&#8217;entrer &#8220;Labyrinthe et Ch\u00e2teau de Merville&#8221; sur Google Maps, Apple Plan, Waze etc&#8230;<\/p><p><span style=\"text-decoration: underline;\"><strong>ATTENTION : Si vous avez r\u00e9serv\u00e9 la visite guid\u00e9e du Ch\u00e2teau, vous devez quand m\u00eame vous rendre \u00e0 l&#8217;accueil au 1175 Chemin de Grande Borde, soit le Labyrinthe et Ch\u00e2teau de Merville.<\/strong><\/span><\/p><p>Merci de noter que le Ch\u00e2teau est une <strong>propri\u00e9t\u00e9 priv\u00e9e<\/strong>, dont l&#8217;acc\u00e8s par le haut est <strong>strictement r\u00e9serv\u00e9e <\/strong>aux habitants du ch\u00e2teau, ainsi qu&#8217;aux mariages et r\u00e9ceptions.<\/p>\t\t\t\t\t<\/div>\n\t\t\t\t\t\t<\/div>\n\t\t\t\t<\/div>\n\t\t\t\t\t\t<\/div>\n\t\t\t\t\t<\/div>\n\t\t<\/div>\n\t\t\t\t\t\t\t\t<\/div>\n\t\t\t\t\t<\/div>\n\t\t<\/section>\n\t\t\t\t<section class=\"elementor-section elementor-top-section elementor-element elementor-element-fd1dd3b elementor-section-boxed elementor-section-height-default elementor-section-height-default\" data-id=\"fd1dd3b\" data-element_type=\"section\">\n\t\t\t\t\t\t<div class=\"elementor-container elementor-column-gap-default\">\n\t\t\t\t\t\t\t<div class=\"elementor-row\">\n\t\t\t\t\t<div class=\"elementor-column elementor-col-100 elementor-top-column elementor-element elementor-element-9600e01\" data-id=\"9600e01\" data-element_type=\"column\">\n\t\t\t<div class=\"elementor-column-wrap elementor-element-populated\">\n\t\t\t\t\t\t\t<div class=\"elementor-widget-wrap\">\n\t\t\t\t\t\t<div class=\"elementor-element elementor-element-471b0b7 elementor-widget elementor-widget-google_maps\" data-id=\"471b0b7\" data-element_type=\"widget\" data-widget_type=\"google_maps.default\">\n\t\t\t\t<div class=\"elementor-widget-container\">\n\t\t\t\t\t<div class=\"elementor-custom-embed\">\n\t\t\t<iframe loading=\"lazy\"\n\t\t\t\t\tsrc=\"https:\/\/maps.google.com\/maps?q=labyrinthe%20de%20merville&#038;t=m&#038;z=10&#038;output=embed&#038;iwloc=near\"\n\t\t\t\t\ttitle=\"labyrinthe de merville\"\n\t\t\t\t\taria-label=\"labyrinthe de merville\"\n\t\t\t><\/iframe>\n\t\t<\/div>\n\t\t\t\t<\/div>\n\t\t\t\t<\/div>\n\t\t\t\t\t\t<\/div>\n\t\t\t\t\t<\/div>\n\t\t<\/div>\n\t\t\t\t\t\t\t\t<\/div>\n\t\t\t\t\t<\/div>\n\t\t<\/section>\n\t\t\t\t<section class=\"elementor-section elementor-top-section elementor-element elementor-element-2bfdc7ff elementor-section-stretched elementor-section-boxed elementor-section-height-default elementor-section-height-default\" data-id=\"2bfdc7ff\" data-element_type=\"section\" data-settings=\"{&quot;background_background&quot;:&quot;classic&quot;,&quot;stretch_section&quot;:&quot;section-stretched&quot;}\">\n\t\t\t\t\t\t<div class=\"elementor-container elementor-column-gap-default\">\n\t\t\t\t\t\t\t<div class=\"elementor-row\">\n\t\t\t\t\t<div class=\"elementor-column elementor-col-33 elementor-top-column elementor-element elementor-element-295e93a8\" data-id=\"295e93a8\" data-element_type=\"column\">\n\t\t\t<div class=\"elementor-column-wrap elementor-element-populated\">\n\t\t\t\t\t\t\t<div class=\"elementor-widget-wrap\">\n\t\t\t\t\t\t<div class=\"elementor-element elementor-element-139d9124 elementor-widget elementor-widget-heading\" data-id=\"139d9124\" data-element_type=\"widget\" data-widget_type=\"heading.default\">\n\t\t\t\t<div class=\"elementor-widget-container\">\n\t\t\t<h2 class=\"elementor-heading-title elementor-size-default\">Plan<\/h2>\t\t<\/div>\n\t\t\t\t<\/div>\n\t\t\t\t<div class=\"elementor-element elementor-element-538733fc elementor-widget elementor-widget-google_maps\" data-id=\"538733fc\" data-element_type=\"widget\" data-widget_type=\"google_maps.default\">\n\t\t\t\t<div class=\"elementor-widget-container\">\n\t\t\t\t\t<div class=\"elementor-custom-embed\">\n\t\t\t<iframe loading=\"lazy\"\n\t\t\t\t\tsrc=\"https:\/\/maps.google.com\/maps?q=Labyrinthe%20de%20merville%20&#038;t=m&#038;z=10&#038;output=embed&#038;iwloc=near\"\n\t\t\t\t\ttitle=\"Labyrinthe de merville \"\n\t\t\t\t\taria-label=\"Labyrinthe de merville \"\n\t\t\t><\/iframe>\n\t\t<\/div>\n\t\t\t\t<\/div>\n\t\t\t\t<\/div>\n\t\t\t\t<div class=\"elementor-element elementor-element-44e94ace elementor-widget elementor-widget-text-editor\" data-id=\"44e94ace\" data-element_type=\"widget\" data-widget_type=\"text-editor.default\">\n\t\t\t\t<div class=\"elementor-widget-container\">\n\t\t\t\t\t\t\t\t<div class=\"elementor-text-editor elementor-clearfix\">\n\t\t\t\t<p>Adresse : 1175 Chem. de Grande Borde, 31330 Merville<\/p>\t\t\t\t\t<\/div>\n\t\t\t\t\t\t<\/div>\n\t\t\t\t<\/div>\n\t\t\t\t\t\t<\/div>\n\t\t\t\t\t<\/div>\n\t\t<\/div>\n\t\t\t\t<div class=\"elementor-column elementor-col-33 elementor-top-column elementor-element elementor-element-605ea1ca\" data-id=\"605ea1ca\" data-element_type=\"column\">\n\t\t\t<div class=\"elementor-column-wrap elementor-element-populated\">\n\t\t\t\t\t\t\t<div class=\"elementor-widget-wrap\">\n\t\t\t\t\t\t<div class=\"elementor-element elementor-element-2c17cf6e elementor-widget elementor-widget-heading\" data-id=\"2c17cf6e\" data-element_type=\"widget\" data-widget_type=\"heading.default\">\n\t\t\t\t<div class=\"elementor-widget-container\">\n\t\t\t<h2 class=\"elementor-heading-title elementor-size-default\">Contact<\/h2>\t\t<\/div>\n\t\t\t\t<\/div>\n\t\t\t\t<div class=\"elementor-element elementor-element-24bb18c9 elementor-widget elementor-widget-text-editor\" data-id=\"24bb18c9\" data-element_type=\"widget\" data-widget_type=\"text-editor.default\">\n\t\t\t\t<div class=\"elementor-widget-container\">\n\t\t\t\t\t\t\t\t<div class=\"elementor-text-editor elementor-clearfix\">\n\t\t\t\t<p><b>Contact Labyrinthe :<\/b><\/p><p>T\u00e9l. : 05 61 85 32 34<br \/>Mail : <a href=\"mailto:secretariat.labyrinthemerviller@gmail.com\">labyrinthe@chateau-merville.com<\/a><\/p><p><b>Contact R\u00e9ception :<\/b><\/p><p>T\u00e9l. : 05 61 85 18 51<br \/>Mail : <a href=\"mailto:accueil@chateau-merville.com\">accueil@chateau-merville.com<\/a><\/p><p><a href=\"https:\/\/www.facebook.com\/chateauetlabyrinthedemerville\"><img decoding=\"async\" style=\"width: 25px; height: 25px;\" src=\"https:\/\/upload.wikimedia.org\/wikipedia\/commons\/thumb\/f\/fb\/Facebook_icon_2013.svg\/1024px-Facebook_icon_2013.svg.png\" \/> <\/a><a href=\"https:\/\/www.instagram.com\/chateaudemerville\/\"><img decoding=\"async\" style=\"width: 25px; height: 25px;\" src=\"http:\/\/www.labyrinthedemerville.com\/wp-content\/uploads\/2021\/03\/insta-logo.png\" \/><\/a><\/p>\t\t\t\t\t<\/div>\n\t\t\t\t\t\t<\/div>\n\t\t\t\t<\/div>\n\t\t\t\t<div class=\"elementor-element elementor-element-577cbba9 elementor-widget elementor-widget-text-editor\" data-id=\"577cbba9\" data-element_type=\"widget\" data-widget_type=\"text-editor.default\">\n\t\t\t\t<div class=\"elementor-widget-container\">\n\t\t\t\t\t\t\t\t<div class=\"elementor-text-editor elementor-clearfix\">\n\t\t\t\t<p><a href=\"https:\/\/www.labyrinthedemerville.com\/?page_id=491\">Contact presse<\/a><br \/><a href=\"https:\/\/www.labyrinthedemerville.com\/?page_id=2822\">Plan du site<\/a><br \/><a href=\"https:\/\/www.labyrinthedemerville.com\/?page_id=357\">Mentions l\u00e9gales<\/a><\/p>\t\t\t\t\t<\/div>\n\t\t\t\t\t\t<\/div>\n\t\t\t\t<\/div>\n\t\t\t\t\t\t<\/div>\n\t\t\t\t\t<\/div>\n\t\t<\/div>\n\t\t\t\t<div class=\"elementor-column elementor-col-33 elementor-top-column elementor-element elementor-element-56d95fc1\" data-id=\"56d95fc1\" data-element_type=\"column\">\n\t\t\t<div class=\"elementor-column-wrap elementor-element-populated\">\n\t\t\t\t\t\t\t<div class=\"elementor-widget-wrap\">\n\t\t\t\t\t\t<div class=\"elementor-element elementor-element-2a8350a3 elementor-widget elementor-widget-heading\" data-id=\"2a8350a3\" data-element_type=\"widget\" data-widget_type=\"heading.default\">\n\t\t\t\t<div class=\"elementor-widget-container\">\n\t\t\t<h2 class=\"elementor-heading-title elementor-size-default\">Labels<\/h2>\t\t<\/div>\n\t\t\t\t<\/div>\n\t\t\t\t<div class=\"elementor-element elementor-element-2aa83737 elementor-widget elementor-widget-image-gallery\" data-id=\"2aa83737\" data-element_type=\"widget\" data-widget_type=\"image-gallery.default\">\n\t\t\t\t<div class=\"elementor-widget-container\">\n\t\t\t\t\t<div class=\"elementor-image-gallery\">\n\t\t\t<div id='gallery-1' class='gallery galleryid-5824 gallery-columns-4 gallery-size-thumbnail'><figure class='gallery-item'>\n\t\t\t<div class='gallery-icon landscape'>\n\t\t\t\t<a data-elementor-open-lightbox=\"yes\" data-elementor-lightbox-slideshow=\"2aa83737\" data-elementor-lightbox-title=\"186176_orig\" e-action-hash=\"#elementor-action%3Aaction%3Dlightbox%26settings%3DeyJpZCI6MzgzLCJ1cmwiOiJodHRwczpcL1wvd3d3LmxhYnlyaW50aGVkZW1lcnZpbGxlLmNvbVwvd3AtY29udGVudFwvdXBsb2Fkc1wvMjAxOVwvMDJcLzE4NjE3Nl9vcmlnLmpwZyIsInNsaWRlc2hvdyI6IjJhYTgzNzM3In0%3D\" href='https:\/\/www.labyrinthedemerville.com\/wp-content\/uploads\/2019\/02\/186176_orig.jpg'><img width=\"150\" height=\"150\" src=\"https:\/\/www.labyrinthedemerville.com\/wp-content\/uploads\/2019\/02\/186176_orig-150x150.jpg\" class=\"attachment-thumbnail size-thumbnail\" alt=\"\" decoding=\"async\" loading=\"lazy\" srcset=\"https:\/\/www.labyrinthedemerville.com\/wp-content\/uploads\/2019\/02\/186176_orig-150x150.jpg 150w, https:\/\/www.labyrinthedemerville.com\/wp-content\/uploads\/2019\/02\/186176_orig-300x300.jpg 300w, https:\/\/www.labyrinthedemerville.com\/wp-content\/uploads\/2019\/02\/186176_orig-768x768.jpg 768w, https:\/\/www.labyrinthedemerville.com\/wp-content\/uploads\/2019\/02\/186176_orig.jpg 799w\" sizes=\"(max-width: 150px) 100vw, 150px\" \/><\/a>\n\t\t\t<\/div><\/figure><figure class='gallery-item'>\n\t\t\t<div class='gallery-icon landscape'>\n\t\t\t\t<a data-elementor-open-lightbox=\"yes\" data-elementor-lightbox-slideshow=\"2aa83737\" data-elementor-lightbox-title=\"vmf\" e-action-hash=\"#elementor-action%3Aaction%3Dlightbox%26settings%3DeyJpZCI6NTUzLCJ1cmwiOiJodHRwczpcL1wvd3d3LmxhYnlyaW50aGVkZW1lcnZpbGxlLmNvbVwvd3AtY29udGVudFwvdXBsb2Fkc1wvMjAxOVwvMDNcL3ZtZi5qcGciLCJzbGlkZXNob3ciOiIyYWE4MzczNyJ9\" href='https:\/\/www.labyrinthedemerville.com\/wp-content\/uploads\/2019\/03\/vmf.jpg'><img width=\"150\" height=\"150\" src=\"https:\/\/www.labyrinthedemerville.com\/wp-content\/uploads\/2019\/03\/vmf-150x150.jpg\" class=\"attachment-thumbnail size-thumbnail\" alt=\"\" decoding=\"async\" loading=\"lazy\" \/><\/a>\n\t\t\t<\/div><\/figure><figure class='gallery-item'>\n\t\t\t<div class='gallery-icon landscape'>\n\t\t\t\t<a data-elementor-open-lightbox=\"yes\" data-elementor-lightbox-slideshow=\"2aa83737\" data-elementor-lightbox-title=\"Logo-jardin-remarquable\" e-action-hash=\"#elementor-action%3Aaction%3Dlightbox%26settings%3DeyJpZCI6NTUxLCJ1cmwiOiJodHRwczpcL1wvd3d3LmxhYnlyaW50aGVkZW1lcnZpbGxlLmNvbVwvd3AtY29udGVudFwvdXBsb2Fkc1wvMjAxOVwvMDNcL0xvZ28tamFyZGluLXJlbWFycXVhYmxlLmpwZyIsInNsaWRlc2hvdyI6IjJhYTgzNzM3In0%3D\" href='https:\/\/www.labyrinthedemerville.com\/wp-content\/uploads\/2019\/03\/Logo-jardin-remarquable.jpg'><img width=\"150\" height=\"150\" src=\"https:\/\/www.labyrinthedemerville.com\/wp-content\/uploads\/2019\/03\/Logo-jardin-remarquable-150x150.jpg\" class=\"attachment-thumbnail size-thumbnail\" alt=\"\" decoding=\"async\" loading=\"lazy\" srcset=\"https:\/\/www.labyrinthedemerville.com\/wp-content\/uploads\/2019\/03\/Logo-jardin-remarquable-150x150.jpg 150w, https:\/\/www.labyrinthedemerville.com\/wp-content\/uploads\/2019\/03\/Logo-jardin-remarquable-300x300.jpg 300w, https:\/\/www.labyrinthedemerville.com\/wp-content\/uploads\/2019\/03\/Logo-jardin-remarquable-768x766.jpg 768w, https:\/\/www.labyrinthedemerville.com\/wp-content\/uploads\/2019\/03\/Logo-jardin-remarquable.jpg 948w\" sizes=\"(max-width: 150px) 100vw, 150px\" \/><\/a>\n\t\t\t<\/div><\/figure><figure class='gallery-item'>\n\t\t\t<div class='gallery-icon landscape'>\n\t\t\t\t<a data-elementor-open-lightbox=\"yes\" data-elementor-lightbox-slideshow=\"2aa83737\" data-elementor-lightbox-title=\"logo-3et-couleur_Hauts_Tolosans_Famille\u00a9Tourisme_Hauts_Tolosans\" e-action-hash=\"#elementor-action%3Aaction%3Dlightbox%26settings%3DeyJpZCI6MzQwOSwidXJsIjoiaHR0cHM6XC9cL3d3dy5sYWJ5cmludGhlZGVtZXJ2aWxsZS5jb21cL3dwLWNvbnRlbnRcL3VwbG9hZHNcLzIwMjNcLzAzXC9sb2dvLTNldC1jb3VsZXVyX0hhdXRzX1RvbG9zYW5zX0ZhbWlsbGVcdTAwYTlUb3VyaXNtZV9IYXV0c19Ub2xvc2Fucy5wbmciLCJzbGlkZXNob3ciOiIyYWE4MzczNyJ9\" href='https:\/\/www.labyrinthedemerville.com\/wp-content\/uploads\/2023\/03\/logo-3et-couleur_Hauts_Tolosans_Famille\u00a9Tourisme_Hauts_Tolosans.png'><img width=\"150\" height=\"150\" src=\"https:\/\/www.labyrinthedemerville.com\/wp-content\/uploads\/2023\/03\/logo-3et-couleur_Hauts_Tolosans_Famille\u00a9Tourisme_Hauts_Tolosans-150x150.png\" class=\"attachment-thumbnail size-thumbnail\" alt=\"\" decoding=\"async\" loading=\"lazy\" \/><\/a>\n\t\t\t<\/div><\/figure><figure class='gallery-item'>\n\t\t\t<div class='gallery-icon landscape'>\n\t\t\t\t<a data-elementor-open-lightbox=\"yes\" data-elementor-lightbox-slideshow=\"2aa83737\" data-elementor-lightbox-title=\"DH logo actuel - Copie\" e-action-hash=\"#elementor-action%3Aaction%3Dlightbox%26settings%3DeyJpZCI6NTEyNSwidXJsIjoiaHR0cHM6XC9cL3d3dy5sYWJ5cmludGhlZGVtZXJ2aWxsZS5jb21cL3dwLWNvbnRlbnRcL3VwbG9hZHNcLzIwMjVcLzAxXC9ESC1sb2dvLWFjdHVlbC1Db3BpZS5wbmciLCJzbGlkZXNob3ciOiIyYWE4MzczNyJ9\" href='https:\/\/www.labyrinthedemerville.com\/wp-content\/uploads\/2025\/01\/DH-logo-actuel-Copie.png'><img width=\"150\" height=\"113\" src=\"https:\/\/www.labyrinthedemerville.com\/wp-content\/uploads\/2025\/01\/DH-logo-actuel-Copie-150x113.png\" class=\"attachment-thumbnail size-thumbnail\" alt=\"\" decoding=\"async\" loading=\"lazy\" \/><\/a>\n\t\t\t<\/div><\/figure><figure class='gallery-item'>\n\t\t\t<div class='gallery-icon landscape'>\n\t\t\t\t<a data-elementor-open-lightbox=\"yes\" data-elementor-lightbox-slideshow=\"2aa83737\" data-elementor-lightbox-title=\"PJMP\" e-action-hash=\"#elementor-action%3Aaction%3Dlightbox%26settings%3DeyJpZCI6NjA2NiwidXJsIjoiaHR0cHM6XC9cL3d3dy5sYWJ5cmludGhlZGVtZXJ2aWxsZS5jb21cL3dwLWNvbnRlbnRcL3VwbG9hZHNcLzIwMjVcLzEyXC9QSk1QLnBuZyIsInNsaWRlc2hvdyI6IjJhYTgzNzM3In0%3D\" href='https:\/\/www.labyrinthedemerville.com\/wp-content\/uploads\/2025\/12\/PJMP.png'><img width=\"150\" height=\"150\" src=\"https:\/\/www.labyrinthedemerville.com\/wp-content\/uploads\/2025\/12\/PJMP-150x150.png\" class=\"attachment-thumbnail size-thumbnail\" alt=\"\" decoding=\"async\" loading=\"lazy\" srcset=\"https:\/\/www.labyrinthedemerville.com\/wp-content\/uploads\/2025\/12\/PJMP-150x150.png 150w, https:\/\/www.labyrinthedemerville.com\/wp-content\/uploads\/2025\/12\/PJMP.png 200w\" sizes=\"(max-width: 150px) 100vw, 150px\" \/><\/a>\n\t\t\t<\/div><\/figure>\n\t\t<\/div>\n\t\t<\/div>\n\t\t\t\t<\/div>\n\t\t\t\t<\/div>\n\t\t\t\t\t\t<\/div>\n\t\t\t\t\t<\/div>\n\t\t<\/div>\n\t\t\t\t\t\t\t\t<\/div>\n\t\t\t\t\t<\/div>\n\t\t<\/section>\n\t\t\t\t\t\t\t\t\t<\/div>\n\t\t\t<\/div>\n\t\t\t\t\t<\/div>\n\t\t","protected":false},"excerpt":{"rendered":"<p>Situ\u00e9e \u00e0 20 minutes au Nord Ouest de Toulouse, Merville est une petite ville des Hauts Tolosans.Un grand parking gratuit est \u00e0 votre disposition sur place. Afin de nous trouver, il vous suffit d&#8217;entrer l&#8217;adresse suivante sur votre GPS : 1175, Chemin de Grande Borde, 31330 Merville, ou tout simplement, d&#8217;entrer &#8220;Labyrinthe et Ch\u00e2teau de [&hellip;]<\/p>\n","protected":false},"author":4,"featured_media":0,"parent":0,"menu_order":0,"comment_status":"closed","ping_status":"closed","template":"","meta":{"footnotes":""},"yoast_head":"<!-- This site is optimized with the Yoast SEO plugin v21.3 - https:\/\/yoast.com\/wordpress\/plugins\/seo\/ -->\n<title>Comment venir ? - Labyrinthe et Ch\u00e2teau de Merville<\/title>\n<meta name=\"robots\" content=\"index, follow, max-snippet:-1, max-image-preview:large, max-video-preview:-1\" \/>\n<link rel=\"canonical\" href=\"https:\/\/www.labyrinthedemerville.com\/?page_id=5824\" \/>\n<meta property=\"og:locale\" content=\"fr_FR\" \/>\n<meta property=\"og:type\" content=\"article\" \/>\n<meta property=\"og:title\" content=\"Comment venir ? - Labyrinthe et Ch\u00e2teau de Merville\" \/>\n<meta property=\"og:description\" content=\"Situ\u00e9e \u00e0 20 minutes au Nord Ouest de Toulouse, Merville est une petite ville des Hauts Tolosans.Un grand parking gratuit est \u00e0 votre disposition sur place. Afin de nous trouver, il vous suffit d&#8217;entrer l&#8217;adresse suivante sur votre GPS : 1175, Chemin de Grande Borde, 31330 Merville, ou tout simplement, d&#8217;entrer &#8220;Labyrinthe et Ch\u00e2teau de [&hellip;]\" \/>\n<meta property=\"og:url\" content=\"https:\/\/www.labyrinthedemerville.com\/?page_id=5824\" \/>\n<meta property=\"og:site_name\" content=\"Labyrinthe et Ch\u00e2teau de Merville\" \/>\n<meta property=\"article:modified_time\" content=\"2025-12-18T13:50:00+00:00\" \/>\n<meta property=\"og:image\" content=\"https:\/\/upload.wikimedia.org\/wikipedia\/commons\/thumb\/f\/fb\/Facebook_icon_2013.svg\/1024px-Facebook_icon_2013.svg.png\" \/>\n<meta name=\"twitter:card\" content=\"summary_large_image\" \/>\n<meta name=\"twitter:label1\" content=\"Est. reading time\" \/>\n\t<meta name=\"twitter:data1\" content=\"3 minutes\" \/>\n<script type=\"application\/ld+json\" class=\"yoast-schema-graph\">{\"@context\":\"https:\/\/schema.org\",\"@graph\":[{\"@type\":\"WebPage\",\"@id\":\"https:\/\/www.labyrinthedemerville.com\/?page_id=5824\",\"url\":\"https:\/\/www.labyrinthedemerville.com\/?page_id=5824\",\"name\":\"Comment venir ? - Labyrinthe et Ch\u00e2teau de Merville\",\"isPartOf\":{\"@id\":\"https:\/\/www.labyrinthedemerville.com\/#website\"},\"datePublished\":\"2025-07-22T09:50:22+00:00\",\"dateModified\":\"2025-12-18T13:50:00+00:00\",\"breadcrumb\":{\"@id\":\"https:\/\/www.labyrinthedemerville.com\/?page_id=5824#breadcrumb\"},\"inLanguage\":\"fr-FR\",\"potentialAction\":[{\"@type\":\"ReadAction\",\"target\":[\"https:\/\/www.labyrinthedemerville.com\/?page_id=5824\"]}]},{\"@type\":\"BreadcrumbList\",\"@id\":\"https:\/\/www.labyrinthedemerville.com\/?page_id=5824#breadcrumb\",\"itemListElement\":[{\"@type\":\"ListItem\",\"position\":1,\"name\":\"Accueil\",\"item\":\"https:\/\/www.labyrinthedemerville.com\/\"},{\"@type\":\"ListItem\",\"position\":2,\"name\":\"Comment venir ?\"}]},{\"@type\":\"WebSite\",\"@id\":\"https:\/\/www.labyrinthedemerville.com\/#website\",\"url\":\"https:\/\/www.labyrinthedemerville.com\/\",\"name\":\"Labyrinthe et Ch\u00e2teau de Merville\",\"description\":\"\",\"publisher\":{\"@id\":\"https:\/\/www.labyrinthedemerville.com\/#organization\"},\"potentialAction\":[{\"@type\":\"SearchAction\",\"target\":{\"@type\":\"EntryPoint\",\"urlTemplate\":\"https:\/\/www.labyrinthedemerville.com\/?s={search_term_string}\"},\"query-input\":\"required name=search_term_string\"}],\"inLanguage\":\"fr-FR\"},{\"@type\":\"Organization\",\"@id\":\"https:\/\/www.labyrinthedemerville.com\/#organization\",\"name\":\"Labyrinthe et Ch\u00e2teau de Merville\",\"url\":\"https:\/\/www.labyrinthedemerville.com\/\",\"logo\":{\"@type\":\"ImageObject\",\"inLanguage\":\"fr-FR\",\"@id\":\"https:\/\/www.labyrinthedemerville.com\/#\/schema\/logo\/image\/\",\"url\":\"https:\/\/www.labyrinthedemerville.com\/wp-content\/uploads\/2023\/01\/merville2.png\",\"contentUrl\":\"https:\/\/www.labyrinthedemerville.com\/wp-content\/uploads\/2023\/01\/merville2.png\",\"width\":500,\"height\":152,\"caption\":\"Labyrinthe et Ch\u00e2teau de Merville\"},\"image\":{\"@id\":\"https:\/\/www.labyrinthedemerville.com\/#\/schema\/logo\/image\/\"}}]}<\/script>\n<!-- \/ Yoast SEO plugin. -->","yoast_head_json":{"title":"Comment venir ? - Labyrinthe et Ch\u00e2teau de Merville","robots":{"index":"index","follow":"follow","max-snippet":"max-snippet:-1","max-image-preview":"max-image-preview:large","max-video-preview":"max-video-preview:-1"},"canonical":"https:\/\/www.labyrinthedemerville.com\/?page_id=5824","og_locale":"fr_FR","og_type":"article","og_title":"Comment venir ? - Labyrinthe et Ch\u00e2teau de Merville","og_description":"Situ\u00e9e \u00e0 20 minutes au Nord Ouest de Toulouse, Merville est une petite ville des Hauts Tolosans.Un grand parking gratuit est \u00e0 votre disposition sur place. Afin de nous trouver, il vous suffit d&#8217;entrer l&#8217;adresse suivante sur votre GPS : 1175, Chemin de Grande Borde, 31330 Merville, ou tout simplement, d&#8217;entrer &#8220;Labyrinthe et Ch\u00e2teau de [&hellip;]","og_url":"https:\/\/www.labyrinthedemerville.com\/?page_id=5824","og_site_name":"Labyrinthe et Ch\u00e2teau de Merville","article_modified_time":"2025-12-18T13:50:00+00:00","og_image":[{"url":"https:\/\/upload.wikimedia.org\/wikipedia\/commons\/thumb\/f\/fb\/Facebook_icon_2013.svg\/1024px-Facebook_icon_2013.svg.png"}],"twitter_card":"summary_large_image","twitter_misc":{"Est. reading time":"3 minutes"},"schema":{"@context":"https:\/\/schema.org","@graph":[{"@type":"WebPage","@id":"https:\/\/www.labyrinthedemerville.com\/?page_id=5824","url":"https:\/\/www.labyrinthedemerville.com\/?page_id=5824","name":"Comment venir ? - Labyrinthe et Ch\u00e2teau de Merville","isPartOf":{"@id":"https:\/\/www.labyrinthedemerville.com\/#website"},"datePublished":"2025-07-22T09:50:22+00:00","dateModified":"2025-12-18T13:50:00+00:00","breadcrumb":{"@id":"https:\/\/www.labyrinthedemerville.com\/?page_id=5824#breadcrumb"},"inLanguage":"fr-FR","potentialAction":[{"@type":"ReadAction","target":["https:\/\/www.labyrinthedemerville.com\/?page_id=5824"]}]},{"@type":"BreadcrumbList","@id":"https:\/\/www.labyrinthedemerville.com\/?page_id=5824#breadcrumb","itemListElement":[{"@type":"ListItem","position":1,"name":"Accueil","item":"https:\/\/www.labyrinthedemerville.com\/"},{"@type":"ListItem","position":2,"name":"Comment venir ?"}]},{"@type":"WebSite","@id":"https:\/\/www.labyrinthedemerville.com\/#website","url":"https:\/\/www.labyrinthedemerville.com\/","name":"Labyrinthe et Ch\u00e2teau de Merville","description":"","publisher":{"@id":"https:\/\/www.labyrinthedemerville.com\/#organization"},"potentialAction":[{"@type":"SearchAction","target":{"@type":"EntryPoint","urlTemplate":"https:\/\/www.labyrinthedemerville.com\/?s={search_term_string}"},"query-input":"required name=search_term_string"}],"inLanguage":"fr-FR"},{"@type":"Organization","@id":"https:\/\/www.labyrinthedemerville.com\/#organization","name":"Labyrinthe et Ch\u00e2teau de Merville","url":"https:\/\/www.labyrinthedemerville.com\/","logo":{"@type":"ImageObject","inLanguage":"fr-FR","@id":"https:\/\/www.labyrinthedemerville.com\/#\/schema\/logo\/image\/","url":"https:\/\/www.labyrinthedemerville.com\/wp-content\/uploads\/2023\/01\/merville2.png","contentUrl":"https:\/\/www.labyrinthedemerville.com\/wp-content\/uploads\/2023\/01\/merville2.png","width":500,"height":152,"caption":"Labyrinthe et Ch\u00e2teau de Merville"},"image":{"@id":"https:\/\/www.labyrinthedemerville.com\/#\/schema\/logo\/image\/"}}]}},"_links":{"self":[{"href":"https:\/\/www.labyrinthedemerville.com\/index.php?rest_route=\/wp\/v2\/pages\/5824"}],"collection":[{"href":"https:\/\/www.labyrinthedemerville.com\/index.php?rest_route=\/wp\/v2\/pages"}],"about":[{"href":"https:\/\/www.labyrinthedemerville.com\/index.php?rest_route=\/wp\/v2\/types\/page"}],"author":[{"embeddable":true,"href":"https:\/\/www.labyrinthedemerville.com\/index.php?rest_route=\/wp\/v2\/users\/4"}],"replies":[{"embeddable":true,"href":"https:\/\/www.labyrinthedemerville.com\/index.php?rest_route=%2Fwp%2Fv2%2Fcomments&post=5824"}],"version-history":[{"count":13,"href":"https:\/\/www.labyrinthedemerville.com\/index.php?rest_route=\/wp\/v2\/pages\/5824\/revisions"}],"predecessor-version":[{"id":6079,"href":"https:\/\/www.labyrinthedemerville.com\/index.php?rest_route=\/wp\/v2\/pages\/5824\/revisions\/6079"}],"wp:attachment":[{"href":"https:\/\/www.labyrinthedemerville.com\/index.php?rest_route=%2Fwp%2Fv2%2Fmedia&parent=5824"}],"curies":[{"name":"wp","href":"https:\/\/api.w.org\/{rel}","templated":true}]}}